{"id":18,"date":"2016-04-26T06:39:49","date_gmt":"2016-04-26T06:39:49","guid":{"rendered":"http:\/\/pension.da-fulvio.de\/?page_id=18"},"modified":"2018-05-19T13:02:03","modified_gmt":"2018-05-19T13:02:03","slug":"buchen","status":"publish","type":"page","link":"https:\/\/pension.da-fulvio.de\/index.php\/buchen\/","title":{"rendered":"Buchen"},"content":{"rendered":"<p>Zimmer buchen Wir freuen uns, dass Sie sich f\u00fcr unsere Pension entschieden haben. Bitte w\u00e4hlen Sie ein Datum und klicken Sie auf &#8220;Verf\u00fcgbarkeit pr\u00fcfen&#8221;. Hier sehen Sie die aktuelle Belegung unserer Pension:<\/p>\n","protected":false},"excerpt":{"rendered":"<p>Zimmer buchen Wir freuen uns, dass Sie sich f\u00fcr unsere Pension entschieden haben. Bitte w\u00e4hlen Sie ein Datum und klicken Sie auf &#8220;Verf\u00fcgbarkeit pr\u00fcfen&#8221;. Hier sehen Sie die aktuelle Belegung unserer Pension:<\/p>\n","protected":false},"author":1,"featured_media":0,"parent":0,"menu_order":0,"comment_status":"closed","ping_status":"closed","template":"","meta":{"footnotes":""},"class_list":["post-18","page","type-page","status-publish","hentry","no-thumb"],"_links":{"self":[{"href":"https:\/\/pension.da-fulvio.de\/index.php\/wp-json\/wp\/v2\/pages\/18","targetHints":{"allow":["GET"]}}],"collection":[{"href":"https:\/\/pension.da-fulvio.de\/index.php\/wp-json\/wp\/v2\/pages"}],"about":[{"href":"https:\/\/pension.da-fulvio.de\/index.php\/wp-json\/wp\/v2\/types\/page"}],"author":[{"embeddable":true,"href":"https:\/\/pension.da-fulvio.de\/index.php\/wp-json\/wp\/v2\/users\/1"}],"replies":[{"embeddable":true,"href":"https:\/\/pension.da-fulvio.de\/index.php\/wp-json\/wp\/v2\/comments?post=18"}],"version-history":[{"count":26,"href":"https:\/\/pension.da-fulvio.de\/index.php\/wp-json\/wp\/v2\/pages\/18\/revisions"}],"predecessor-version":[{"id":2964,"href":"https:\/\/pension.da-fulvio.de\/index.php\/wp-json\/wp\/v2\/pages\/18\/revisions\/2964"}],"wp:attachment":[{"href":"https:\/\/pension.da-fulvio.de\/index.php\/wp-json\/wp\/v2\/media?parent=18"}],"curies":[{"name":"wp","href":"https:\/\/api.w.org\/{rel}","templated":true}]}}