{"id":2968,"date":"2018-05-26T08:56:18","date_gmt":"2018-05-26T08:56:18","guid":{"rendered":"http:\/\/pension.da-fulvio.de\/?page_id=2968"},"modified":"2018-05-26T09:06:51","modified_gmt":"2018-05-26T09:06:51","slug":"data-protection","status":"publish","type":"page","link":"https:\/\/pension.da-fulvio.de\/index.php\/data-protection\/","title":{"rendered":"Datenschutz"},"content":{"rendered":"<p>Personenbezogene Daten werden auf dieser Website nur im technisch notwendigen Umfang erhoben. In keinem Fall werden die erhobenen Daten verkauft oder aus anderen Gr\u00fcnden an Dritte weitergegeben. Die nachfolgende Erkl\u00e4rung gibt Ihnen einen \u00dcberblick dar\u00fcber, wie wir dies <a href=\"https:\/\/pension.da-fulvio.de\/index.php\/data-protection\/\" title=\"Read more on Datenschutz\" class=\"more-link\">read more<\/a><\/p>\n","protected":false},"excerpt":{"rendered":"<p>Personenbezogene Daten werden auf dieser Website nur im technisch notwendigen Umfang erhoben. In keinem Fall werden die erhobenen Daten verkauft oder aus anderen Gr\u00fcnden an Dritte weitergegeben. Die nachfolgende Erkl\u00e4rung gibt Ihnen einen \u00dcberblick dar\u00fcber, wie wir dies read more<\/p>\n","protected":false},"author":1,"featured_media":0,"parent":0,"menu_order":0,"comment_status":"closed","ping_status":"closed","template":"","meta":{"footnotes":""},"class_list":["post-2968","page","type-page","status-publish","hentry","no-thumb"],"_links":{"self":[{"href":"https:\/\/pension.da-fulvio.de\/index.php\/wp-json\/wp\/v2\/pages\/2968","targetHints":{"allow":["GET"]}}],"collection":[{"href":"https:\/\/pension.da-fulvio.de\/index.php\/wp-json\/wp\/v2\/pages"}],"about":[{"href":"https:\/\/pension.da-fulvio.de\/index.php\/wp-json\/wp\/v2\/types\/page"}],"author":[{"embeddable":true,"href":"https:\/\/pension.da-fulvio.de\/index.php\/wp-json\/wp\/v2\/users\/1"}],"replies":[{"embeddable":true,"href":"https:\/\/pension.da-fulvio.de\/index.php\/wp-json\/wp\/v2\/comments?post=2968"}],"version-history":[{"count":3,"href":"https:\/\/pension.da-fulvio.de\/index.php\/wp-json\/wp\/v2\/pages\/2968\/revisions"}],"predecessor-version":[{"id":2973,"href":"https:\/\/pension.da-fulvio.de\/index.php\/wp-json\/wp\/v2\/pages\/2968\/revisions\/2973"}],"wp:attachment":[{"href":"https:\/\/pension.da-fulvio.de\/index.php\/wp-json\/wp\/v2\/media?parent=2968"}],"curies":[{"name":"wp","href":"https:\/\/api.w.org\/{rel}","templated":true}]}}