{"id":31,"date":"2016-04-26T06:43:49","date_gmt":"2016-04-26T06:43:49","guid":{"rendered":"http:\/\/pension.da-fulvio.de\/?page_id=31"},"modified":"2018-09-29T18:28:08","modified_gmt":"2018-09-29T18:28:08","slug":"home","status":"publish","type":"page","link":"https:\/\/pension.da-fulvio.de\/","title":{"rendered":"Home"},"content":{"rendered":"<p>\u00dcber uns Egal ob Urlaub oder gesch\u00e4ftliche Reisen. Wir bieten Ihnen 12 gem\u00fctliche Zimmer, in dem Sie sich wohlf\u00fchlen werden. Und falls Sie etwas brauchen: wir sind f\u00fcr Sie da. Fast rund um die Uhr. Unser angeschlossenes Restaurant erm\u00f6glicht Ihnen, Mittagessen und Abend <a href=\"https:\/\/pension.da-fulvio.de\/\" title=\"Read more on Home\" class=\"more-link\">read more<\/a><\/p>\n","protected":false},"excerpt":{"rendered":"<p>\u00dcber uns Egal ob Urlaub oder gesch\u00e4ftliche Reisen. Wir bieten Ihnen 12 gem\u00fctliche Zimmer, in dem Sie sich wohlf\u00fchlen werden. Und falls Sie etwas brauchen: wir sind f\u00fcr Sie da. Fast rund um die Uhr. Unser angeschlossenes Restaurant erm\u00f6glicht Ihnen, Mittagessen und Abend read more<\/p>\n","protected":false},"author":1,"featured_media":0,"parent":0,"menu_order":0,"comment_status":"closed","ping_status":"closed","template":"","meta":{"footnotes":""},"class_list":["post-31","page","type-page","status-publish","hentry","no-thumb"],"_links":{"self":[{"href":"https:\/\/pension.da-fulvio.de\/index.php\/wp-json\/wp\/v2\/pages\/31","targetHints":{"allow":["GET"]}}],"collection":[{"href":"https:\/\/pension.da-fulvio.de\/index.php\/wp-json\/wp\/v2\/pages"}],"about":[{"href":"https:\/\/pension.da-fulvio.de\/index.php\/wp-json\/wp\/v2\/types\/page"}],"author":[{"embeddable":true,"href":"https:\/\/pension.da-fulvio.de\/index.php\/wp-json\/wp\/v2\/users\/1"}],"replies":[{"embeddable":true,"href":"https:\/\/pension.da-fulvio.de\/index.php\/wp-json\/wp\/v2\/comments?post=31"}],"version-history":[{"count":38,"href":"https:\/\/pension.da-fulvio.de\/index.php\/wp-json\/wp\/v2\/pages\/31\/revisions"}],"predecessor-version":[{"id":2980,"href":"https:\/\/pension.da-fulvio.de\/index.php\/wp-json\/wp\/v2\/pages\/31\/revisions\/2980"}],"wp:attachment":[{"href":"https:\/\/pension.da-fulvio.de\/index.php\/wp-json\/wp\/v2\/media?parent=31"}],"curies":[{"name":"wp","href":"https:\/\/api.w.org\/{rel}","templated":true}]}}